{"id":902,"date":"2018-06-06T15:11:40","date_gmt":"2018-06-06T13:11:40","guid":{"rendered":"http:\/\/liescher-buehnenspass.de\/?page_id=902"},"modified":"2018-06-12T06:46:06","modified_gmt":"2018-06-12T04:46:06","slug":"datenschutzerklaerung","status":"publish","type":"page","link":"http:\/\/liescher-buehnenspass.de\/?page_id=902","title":{"rendered":"Datenschutzerkl\u00e4rung"},"content":{"rendered":"<div id=\"document-teaser\" class=\"document-teaser\">\n<div id=\"headline\" class=\"title-wrapper teaser-headline\">\n<h1 class=\"title h1\"><strong><span class=\"title-text\">D A T E N S C H U T Z E R K L \u00c4 R U N G<\/span><\/strong><\/h1>\n<\/div>\n<div id=\"teaser\" class=\"teaser-text\">\n<h3>&nbsp;<\/h3>\n<h3><b>1. DATENSCHUTZ AUF EINEN BLICK<\/b><\/h3>\n<\/div>\n<\/div>\n<div id=\"maincontent\">\n<div class=\"maincontentRepeat\">\n<div class=\"sectionType\">\n<div class=\"xhtmlText\">\n<h4>ALLGEMEINE HINWEISE<\/h4>\n<p class=\"align-justify\">Die folgenden Hinweise geben einen einfachen \u00dcberblick dar\u00fcber, was mit Ihren personenbezogenen Daten passiert, wenn Sie unsere Website besuchen. Personenbezogene Daten sind alle Daten, mit denen Sie pers\u00f6nlich identifiziert werden k\u00f6nnen.<\/p>\n<p class=\"align-justify\">Ausf\u00fchrliche Informationen zum Thema Datenschutz entnehmen Sie unserer unter diesem Text aufgef\u00fchrten Datenschutzerkl\u00e4rung.<\/p>\n<h4>DATENERFASSUNG AUF UNSERER WEBSITE<\/h4>\n<p><b>Wer ist verantwortlich f\u00fcr die Datenerfassung auf dieser Website?<\/b><\/p>\n<p class=\"align-justify\">Die Datenverarbeitung auf dieser Website erfolgt durch den Websitebetreiber. Dessen Kontaktdaten k\u00f6nnen Sie dem Impressum dieser Website entnehmen.<\/p>\n<p><b>Wie erfassen wir Ihre Daten?<\/b><\/p>\n<p class=\"align-justify\">Ihre Daten werden zum einen dadurch erhoben, dass Sie uns diese mitteilen. Hierbei kann es sich z.B. um Daten handeln, die Sie in ein Kontaktformular eingeben.<\/p>\n<p class=\"align-justify\">Andere Daten werden automatisch beim Besuch der Website durch unsere IT-Systeme erfasst. Das sind vor allem technische Daten (z.B. Internetbrowser, Betriebssystem oder Uhrzeit des Seitenaufrufs). Die Erfassung dieser Daten erfolgt automatisch, sobald Sie unsere Website betreten.<\/p>\n<p><b>Wof\u00fcr nutzen wir Ihre Daten?<\/b><\/p>\n<p class=\"align-justify\">Ein Teil der Daten wird erhoben, um eine fehlerfreie Bereitstellung der Website zu gew\u00e4hrleisten. Andere Daten k\u00f6nnen zur Analyse Ihres Nutzerverhaltens verwendet werden.<\/p>\n<p><b>Welche Rechte haben Sie bez\u00fcglich Ihrer Daten?<\/b><\/p>\n<p class=\"align-justify\">Sie haben jederzeit das Recht unentgeltlich Auskunft \u00fcber Herkunft, Empf\u00e4nger und Zweck Ihrer gespeicherten personenbezogenen Daten zu erhalten. Sie haben au\u00dferdem ein Recht, die Berichtigung, Sperrung oder L\u00f6schung dieser Daten zu verlangen. Hierzu sowie zu weiteren Fragen zum Thema Datenschutz k\u00f6nnen Sie sich jederzeit unter der im Impressum angegebenen Adresse an uns wenden. Des Weiteren steht Ihnen ein Beschwerderecht bei der zust\u00e4ndigen Aufsichtsbeh\u00f6rde zu.<\/p>\n<h4>ANALYSE-TOOLS UND TOOLS VON DRITTANBIETERN<\/h4>\n<p class=\"align-justify\">Beim Besuch unserer Website kann Ihr Surf-Verhalten statistisch ausgewertet werden. Das geschieht vor allem mit Cookies und mit sogenannten Analyseprogrammen. Die Analyse Ihres Surf-Verhaltens erfolgt in der Regel anonym; das Surf-Verhalten kann nicht zu Ihnen zur\u00fcckverfolgt werden.<\/p>\n<p class=\"align-justify\">Sie k\u00f6nnen dieser Analyse widersprechen oder sie durch die Benutzung \/ Nichtbenutzung bestimmter Tools verhindern.. \u00dcber die Widerspruchsm\u00f6glichkeiten werden Sie in dieser Datenschutzerkl\u00e4rung informiert.<\/p>\n<p>&nbsp;<\/p>\n<\/div>\n<\/div>\n<div class=\"sectionType\">\n<div class=\"xhtmlText\">\n<h3><b>2. ALLGEMEINE HINWEISE UND PFLICHTINFORMATIONEN<\/b><\/h3>\n<\/div>\n<\/div>\n<div class=\"sectionType\">\n<div class=\"xhtmlText\">\n<h4>DATENSCHUTZ<\/h4>\n<p class=\"align-justify\">Die Betreiber dieser Seiten nehmen den Schutz Ihrer pers\u00f6nlichen Daten sehr ernst. Wir behandeln Ihre personenbezogenen Daten vertraulich und entsprechend der gesetzlichen Datenschutzvorschriften sowie dieser Datenschutzerkl\u00e4rung.<\/p>\n<p class=\"align-justify\">Wenn Sie diese Website benutzen, werden verschiedene personenbezogene Daten erhoben. Personenbezogene Daten sind Daten, mit denen Sie pers\u00f6nlich identifiziert werden k\u00f6nnen. Die vorliegende Datenschutzerkl\u00e4rung erl\u00e4utert, welche Daten wir erheben und wof\u00fcr wir sie nutzen. Sie erl\u00e4utert auch, wie und zu welchem Zweck das geschieht.<\/p>\n<p class=\"align-justify\">Wir weisen darauf hin, dass die Daten\u00fcbertragung im Internet (z.B. bei der Kommunikation per E-Mail) Sicherheitsl\u00fccken aufweisen kann. Ein l\u00fcckenloser Schutz der Daten vor dem Zugriff durch Dritte ist nicht m\u00f6glich.<\/p>\n<h4>HINWEIS ZUR VERANTWORTLICHEN STELLE<\/h4>\n<p>Die verantwortliche Stelle f\u00fcr die Datenverarbeitung auf dieser Website ist die<\/p>\n<p class=\"align-justify\"><b>Gemeinde Wasserliesch<br \/>\n<\/b>In der Acht 4<br \/>\n54332 Wasserliesch<\/p>\n<p>Die Gemeinde Wasserliesch wird vertreten durch den Ortsb\u00fcrgermeister der Gemeinde.<\/p>\n<p>Telefon: +49 6501 1 47 49<br \/>\nE-Mail: <a><b>datenschutz[at]wasserliesch.eu<\/b><\/a><\/p>\n<p class=\"align-justify\">Verantwortliche Stelle ist die nat\u00fcrliche oder juristische Person, die allein oder gemeinsam mit anderen \u00fcber die Zwecke und Mittel der Verarbeitung von personenbezogenen Daten (z.B. Namen, E-Mail-Adressen o. \u00c4.) entscheidet.<\/p>\n<h4>WIDERRUF IHRER EINWILLIGUNG ZUR DATENVERARBEITUNG<\/h4>\n<p class=\"align-justify\">Viele Datenverarbeitungsvorg\u00e4nge sind nur mit Ihrer ausdr\u00fccklichen Einwilligung m\u00f6glich. Sie k\u00f6nnen eine bereits erteilte Einwilligung jederzeit widerrufen. Dazu reicht eine formlose Mitteilung per E-Mail an uns. Die Rechtm\u00e4\u00dfigkeit der bis zum Widerruf erfolgten Datenverarbeitung bleibt vom Widerruf unber\u00fchrt.<\/p>\n<h4>BESCHWERDERECHT BEI DER ZUST\u00c4NDIGEN AUFSICHTSBEH\u00d6RDE<\/h4>\n<p class=\"align-justify\">Im Falle datenschutzrechtlicher Verst\u00f6\u00dfe steht dem Betroffenen ein Beschwerderecht bei der zust\u00e4ndigen Aufsichtsbeh\u00f6rde zu. Zust\u00e4ndige Aufsichtsbeh\u00f6rde in datenschutzrechtlichen Fragen ist der Landesdatenschutzbeauftragte des Bundeslandes Rheinland-Pfalz. Eine Liste der Datenschutzbeauftragten aller Bundesl\u00e4nder sowie deren Kontaktdaten k\u00f6nnen folgendem Link entnommen werden:<br \/>\n<a href=\"https:\/\/www.bfdi.bund.de\/DE\/Infothek\/Anschriften_Links\/anschriften_links-node.html\" target=\"_blank\" rel=\"noopener\">https:\/\/www.bfdi.bund.de\/DE\/Infothek\/Anschriften_Links\/anschriften_links-node.html<\/a>.<\/p>\n<h4>SSL- BZW. TLS-VERSCHL\u00dcSSELUNG<\/h4>\n<p class=\"align-justify\">Diese Seite nutzt aus Sicherheitsgr\u00fcnden und zum Schutz der \u00dcbertragung vertraulicher Inhalte, wie zum Beispiel Anfragen, die Sie an uns als Seitenbetreiber senden, eine SSL-bzw. TLS-Verschl\u00fcsselung. Eine verschl\u00fcsselte Verbindung erkennen Sie daran, dass die Adresszeile des Browsers von \u201chttp:\/\/\u201d auf \u201chttps:\/\/\u201d wechselt und an dem Schloss-Symbol in Ihrer Browserzeile.<\/p>\n<p class=\"align-justify\">Wenn die SSL- bzw. TLS-Verschl\u00fcsselung aktiviert ist, k\u00f6nnen die Daten, die Sie an uns \u00fcbermitteln, nicht von Dritten mitgelesen werden.<\/p>\n<h4>AUSKUNFT, SPERRUNG, L\u00d6SCHUNG<\/h4>\n<p class=\"align-justify\">Sie haben im Rahmen der geltenden gesetzlichen Bestimmungen jederzeit das Recht auf unentgeltliche Auskunft \u00fcber Ihre gespeicherten personenbezogenen Daten, deren Herkunft und Empf\u00e4nger und den Zweck der Datenverarbeitung und ggf. ein Recht auf Berichtigung, Sperrung oder L\u00f6schung dieser Daten. Hierzu sowie zu weiteren Fragen zum Thema personenbezogene Daten k\u00f6nnen Sie sich jederzeit unter der im Impressum angegebenen Adresse an uns wenden.<\/p>\n<h4>WIDERSPRUCH GEGEN WERBE-MAILS<\/h4>\n<p class=\"align-justify\">Der Nutzung von im Rahmen der Impressumspflicht ver\u00f6ffentlichten Kontaktdaten zur \u00dcbersendung von nicht ausdr\u00fccklich angeforderter Werbung und Informationsmaterialien wird hiermit widersprochen. Die Betreiber der Seiten behalten sich ausdr\u00fccklich rechtliche Schritte im Falle der unverlangten Zusendung von Werbeinformationen, etwa durch Spam-E-Mails, vor.<\/p>\n<p>&nbsp;<\/p>\n<\/div>\n<\/div>\n<div class=\"sectionType\">\n<div class=\"xhtmlText\">\n<h3><b>3. DATENSCHUTZBEAUFTRAGTER<\/b><\/h3>\n<\/div>\n<\/div>\n<div class=\"sectionType\">\n<div class=\"xhtmlText\">\n<h4>GESETZLICH VORGESCHRIEBENER DATENSCHUTZBEAUFTRAGTER<\/h4>\n<p class=\"align-justify\">Wir haben f\u00fcr die Gemeinde Wasserliesch einen Datenschutzbeauftragten bestellt.&nbsp;Jede betroffene Person kann sich jederzeit bei allen Fragen und Anregungen zum Datenschutz direkt an unseren Datenschutzbeauftragten wenden.<\/p>\n<p><b>Gemeindeverwaltung Wasserliesch&nbsp;<\/b><br \/>\nz. Hd. Datenschutzbeauftragter<br \/>\nIn der Acht 4<br \/>\n54332 Wasserliesch<\/p>\n<p>Telefon: +49 6501 1 47 49<br \/>\nE-Mail: datenschutz[at]wasserliesch.eu<\/p>\n<p>&nbsp;<\/p>\n<\/div>\n<\/div>\n<div class=\"sectionType\">\n<div class=\"xhtmlText\">\n<h3><b>4. DATENERFASSUNG AUF UNSERER WEBSITE<\/b><\/h3>\n<h4>COOKIES<\/h4>\n<p class=\"align-justify\">Die Internetseiten verwenden teilweise so genannte Cookies. Cookies richten auf Ihrem Rechner keinen Schaden an und enthalten keine Viren. Cookies dienen dazu, unser Angebot nutzerfreundlicher, effektiver und sicherer zu machen. Cookies sind kleine Textdateien, die auf Ihrem Rechner abgelegt werden und die Ihr Browser speichert.<\/p>\n<p class=\"align-justify\">Die meisten der von uns verwendeten Cookies sind so genannte \u201cSession-Cookies\u201d. Sie werden nach Ende Ihres Besuchs automatisch gel\u00f6scht. Andere Cookies bleiben auf Ihrem Endger\u00e4t gespeichert bis Sie diese l\u00f6schen. Diese Cookies erm\u00f6glichen es uns, Ihren Browser beim n\u00e4chsten Besuch wiederzuerkennen.<\/p>\n<p class=\"align-justify\">Sie k\u00f6nnen Ihren Browser so einstellen, dass Sie \u00fcber das Setzen von Cookies informiert werden und Cookies nur im Einzelfall erlauben, die Annahme von Cookies f\u00fcr bestimmte F\u00e4lle oder generell ausschlie\u00dfen sowie das automatische L\u00f6schen der Cookies beim Schlie\u00dfen des Browser aktivieren. Bei der Deaktivierung von Cookies kann die Funktionalit\u00e4t dieser Website eingeschr\u00e4nkt sein.<\/p>\n<p class=\"align-justify\">Cookies, die zur Durchf\u00fchrung des elektronischen Kommunikationsvorgangs oder zur Bereitstellung bestimmter, von Ihnen erw\u00fcnschter Funktionen (z.B. Warenkorbfunktion) erforderlich sind, werden auf Grundlage von Art. 6 Abs. 1 lit. f DSGVO gespeichert. Der Websitebetreiber hat ein berechtigtes Interesse an der Speicherung von Cookies zur technisch fehlerfreien und optimierten Bereitstellung seiner Dienste. Soweit andere Cookies (z.B. Cookies zur Analyse Ihres Surfverhaltens) gespeichert werden, werden diese in dieser Datenschutzerkl\u00e4rung gesondert behandelt.<\/p>\n<h4>SERVER-LOG-DATEIEN<\/h4>\n<p class=\"align-justify\">Der Provider der Seiten erhebt und speichert automatisch Informationen in so genannten Server-Log-Dateien, die Ihr Browser automatisch an uns \u00fcbermittelt. Dies sind:<\/p>\n<ul>\n<li>Browsertyp und Browserversion<\/li>\n<li>verwendetes Betriebssystem<\/li>\n<li>Referrer URL<\/li>\n<li>Hostname des zugreifenden Rechners<\/li>\n<li>Uhrzeit der Serveranfrage<\/li>\n<li>IP-Adresse<\/li>\n<\/ul>\n<p class=\"align-justify\">Eine Zusammenf\u00fchrung dieser Daten mit anderen Datenquellen wird nicht vorgenommen.<\/p>\n<p class=\"align-justify\">Grundlage f\u00fcr die Datenverarbeitung ist Art. 6 Abs. 1 lit. b DSGVO, der die Verarbeitung von Daten zur Erf\u00fcllung eines Vertrags oder vorvertraglicher Ma\u00dfnahmen gestattet.<\/p>\n<h4>KONTAKTFORMULAR<\/h4>\n<p class=\"align-justify\">Wenn Sie uns per Kontaktformular Anfragen zukommen lassen, werden Ihre Angaben aus dem Anfrageformular inklusive der von Ihnen dort angegebenen Kontaktdaten zwecks Bearbeitung der Anfrage und f\u00fcr den Fall von Anschlussfragen bei uns gespeichert. Diese Daten geben wir nicht ohne Ihre Einwilligung weiter.<\/p>\n<p class=\"align-justify\">Die Verarbeitung der in das Kontaktformular eingegebenen Daten erfolgt somit ausschlie\u00dflich auf Grundlage Ihrer Einwilligung (Art. 6 Abs. 1 lit. a DSGVO). Sie k\u00f6nnen diese Einwilligung jederzeit widerrufen. Dazu reicht eine formlose Mitteilung per E-Mail an uns. Die Rechtm\u00e4\u00dfigkeit der bis zum Widerruf erfolgten Datenverarbeitungsvorg\u00e4nge bleibt vom Widerruf unber\u00fchrt.<\/p>\n<p class=\"align-justify\">Die von Ihnen im Kontaktformular eingegebenen Daten verbleiben bei uns, bis Sie uns zur L\u00f6schung auffordern, Ihre Einwilligung zur Speicherung widerrufen oder der Zweck f\u00fcr die Datenspeicherung entf\u00e4llt (z.B. nach abgeschlossener Bearbeitung Ihrer Anfrage). Zwingende gesetzliche Bestimmungen \u2013 insbesondere Aufbewahrungsfristen \u2013 bleiben unber\u00fchrt.<\/p>\n<p>&nbsp;<\/p>\n<\/div>\n<\/div>\n<div class=\"sectionType\">\n<div class=\"xhtmlText\">\n<h3><b>5. ANALYSE TOOLS UND WERBUNG<\/b><\/h3>\n<\/div>\n<\/div>\n<div class=\"sectionType\">\n<div class=\"xhtmlText\">\n<h4>GOOGLE ANALYTICS<\/h4>\n<p class=\"align-justify\">Diese Website nutzt Funktionen des Webanalysedienstes Google Analytics. Anbieter ist die Google Inc., 1600 Amphitheatre Parkway, Mountain View, CA 94043, USA.<\/p>\n<p class=\"align-justify\">Google Analytics verwendet so genannte \u201cCookies\u201d. Das sind Textdateien, die auf Ihrem Computer gespeichert werden und die eine Analyse der Benutzung der Website durch Sie erm\u00f6glichen. Die durch den Cookie erzeugten Informationen \u00fcber Ihre Benutzung dieser Website werden in der Regel an einen Server von Google in den USA \u00fcbertragen und dort gespeichert.<\/p>\n<p class=\"align-justify\">Die Speicherung von Google-Analytics-Cookies erfolgt auf Grundlage von Art. 6 Abs. 1 lit. f DSGVO. Der Websitebetreiber hat ein berechtigtes Interesse an der Analyse des Nutzerverhaltens, um sowohl sein Webangebot als auch seine Werbung zu optimieren.<\/p>\n<h4>IP ANONYMISIERUNG<\/h4>\n<p class=\"align-justify\">Wir haben auf dieser Website die Funktion IP-Anonymisierung aktiviert. Dadurch wird Ihre IP-Adresse von Google innerhalb von Mitgliedstaaten der Europ\u00e4ischen Union oder in anderen Vertragsstaaten des Abkommens \u00fcber den Europ\u00e4ischen Wirtschaftsraum vor der \u00dcbermittlung in die USA gek\u00fcrzt. Nur in Ausnahmef\u00e4llen wird die volle IP-Adresse an einen Server von Google in den USA \u00fcbertragen und dort gek\u00fcrzt. Im Auftrag des Betreibers dieser Website wird Google diese Informationen benutzen, um Ihre Nutzung der Website auszuwerten, um Reports \u00fcber die Websiteaktivit\u00e4ten zusammenzustellen und um weitere mit der Websitenutzung und der Internetnutzung verbundene Dienstleistungen gegen\u00fcber dem Websitebetreiber zu erbringen. Die im Rahmen von Google Analytics von Ihrem Browser \u00fcbermittelte IP-Adresse wird nicht mit anderen Daten von Google zusammengef\u00fchrt.<\/p>\n<h4>BROWSER PLUGIN<\/h4>\n<p class=\"align-justify\">Sie k\u00f6nnen die Speicherung der Cookies durch eine entsprechende Einstellung Ihrer Browser-Software verhindern; wir weisen Sie jedoch darauf hin, dass Sie in diesem Fall gegebenenfalls nicht s\u00e4mtliche Funktionen dieser Website vollumf\u00e4nglich werden nutzen k\u00f6nnen. Sie k\u00f6nnen dar\u00fcber hinaus die Erfassung der durch den Cookie erzeugten und auf Ihre Nutzung der Website bezogenen Daten (inkl. Ihrer IP-Adresse) an Google sowie die Verarbeitung dieser Daten durch Google verhindern, indem Sie das unter dem folgenden Link verf\u00fcgbare Browser-Plugin herunterladen und installieren:&nbsp;<a href=\"https:\/\/tools.google.com\/dlpage\/gaoptout?hl=de\" target=\"_blank\" rel=\"noopener\">https:\/\/tools.google.com\/dlpage\/gaoptout?hl=de<\/a>.<\/p>\n<h4>WIDERSPRUCH GEGEN DATENERFASSUNG<\/h4>\n<p class=\"align-justify\">Sie k\u00f6nnen die Erfassung Ihrer Daten durch Google Analytics verhindern, indem Sie auf folgenden Link klicken.<\/p>\n<\/div>\n<\/div>\n<div class=\"sectionType\">\n<div class=\"sourcecode_holder\">\n<p><a href=\"https:\/\/tools.google.com\/dlpage\/gaoptout\/eula.html?hl=de\" target=\"_blank\" rel=\"noopener\">Google Analytics deaktivieren<\/a><\/p>\n<\/div>\n<\/div>\n<div class=\"sectionType\">\n<div class=\"xhtmlText\">\n<p class=\"align-justify\">Dadurch wird ein Opt-Out-Cookie gesetzt, der die Erfassung Ihrer Daten bei zuk\u00fcnftigen Besuchen dieser Website verhindert. Mehr Informationen zum Umgang mit Nutzerdaten bei Google Analytics finden Sie in der Datenschutzerkl\u00e4rung von Google:&nbsp;<a href=\"https:\/\/support.google.com\/analytics\/answer\/6004245?hl=de\" target=\"_blank\" rel=\"noopener\">https:\/\/support.google.com\/analytics\/answer\/6004245?hl=de<\/a>.<\/p>\n<h4>DEMOGRAFISCHE MERKMALE BEI GOOGLE ANALYTICS<\/h4>\n<p class=\"align-justify\">Diese Website nutzt die Funktion \u201cdemografische Merkmale\u201d von Google Analytics. Dadurch k\u00f6nnen Berichte erstellt werden, die Aussagen zu Alter, Geschlecht und Interessen der Seitenbesucher enthalten. Diese Daten stammen aus interessenbezogener Werbung von Google sowie aus Besucherdaten von Drittanbietern. Diese Daten k\u00f6nnen keiner bestimmten Person zugeordnet werden. Sie k\u00f6nnen diese Funktion jederzeit \u00fcber die Anzeigeneinstellungen in Ihrem Google-Konto deaktivieren oder die Erfassung Ihrer Daten durch Google Analytics wie im Punkt \u201cWiderspruch gegen Datenerfassung\u201d dargestellt generell untersagen.<\/p>\n<p>&nbsp;<\/p>\n<\/div>\n<\/div>\n<div class=\"sectionType\">\n<div class=\"xhtmlText\">\n<h3><b>6. PLUGINS UND TOOLS<\/b><\/h3>\n<\/div>\n<\/div>\n<div class=\"sectionType\">\n<div class=\"xhtmlText\">\n<h4><strong>SOCIAL MEDIA<\/strong><\/h4>\n<p>Wir verwenden auf unseren Seiten Icons der sozialen Netzwerke \u201eFacebook\u201d, \u201eTwitter\u201d und \u201eGoogle+\u201d. Diese Dienste werden von den Unternehmen Facebook Inc., Google Inc. und Twitter Inc. (Anbieter) angeboten.<\/p>\n<p>Um den Schutz Ihrer Daten beim Besuch unserer Website zu erh\u00f6hen, handelt es sich bei den Weiterleitungen um statische Links die mittels sogenannter \u201eShariff\u201c \u2013 Projekt eingebaut sind. Dadurch wird verhindert, dass Ihre Daten bereits beim Besuch unserer Website an die sozialen Netzwerke geschickt werden.<\/p>\n<p>Ein Kontakt zwischen Ihnen und dem sozialen Netzwerk wird erst hergestellt, wenn Sie aktiv auf den Button klicken.<\/p>\n<h4>GOOGLE MAPS<\/h4>\n<p class=\"align-justify\">Diese Seite nutzt \u00fcber eine API den Kartendienst Google Maps. Anbieter ist die Google Inc., 1600 Amphitheatre Parkway, Mountain View, CA 94043, USA.<\/p>\n<p class=\"align-justify\">Zur Nutzung der Funktionen von Google Maps ist es notwendig, Ihre IP Adresse zu speichern. Diese Informationen werden in der Regel an einen Server von Google in den USA \u00fcbertragen und dort gespeichert. Der Anbieter dieser Seite hat keinen Einfluss auf diese Daten\u00fcbertragung.<\/p>\n<p class=\"align-justify\">Die Nutzung von Google Maps erfolgt im Interesse einer ansprechenden Darstellung unserer Online-Angebote und an einer leichten Auffindbarkeit der von uns auf der Website angegebenen Orte. Dies stellt ein berechtigtes Interesse im Sinne von Art. 6 Abs. 1 lit. f DSGVO dar.<\/p>\n<p class=\"align-justify\">Mehr Informationen zum Umgang mit Nutzerdaten finden Sie in der Datenschutzerkl\u00e4rung von Google:&nbsp;<a href=\"https:\/\/www.google.de\/intl\/de\/policies\/privacy\/\" target=\"_blank\" rel=\"noopener\">https:\/\/www.google.de\/intl\/de\/policies\/privacy\/<\/a>&nbsp;.<\/p>\n<\/div>\n<\/div>\n<\/div>\n<\/div>\n<h3>&nbsp;<\/h3>\n","protected":false},"excerpt":{"rendered":"<p>D A T E N S C H U T Z E R K L<\/p>\n","protected":false},"author":1,"featured_media":0,"parent":0,"menu_order":0,"comment_status":"closed","ping_status":"closed","template":"","meta":{"ngg_post_thumbnail":0,"footnotes":""},"class_list":["post-902","page","type-page","status-publish","hentry"],"_links":{"self":[{"href":"http:\/\/liescher-buehnenspass.de\/index.php?rest_route=\/wp\/v2\/pages\/902","targetHints":{"allow":["GET"]}}],"collection":[{"href":"http:\/\/liescher-buehnenspass.de\/index.php?rest_route=\/wp\/v2\/pages"}],"about":[{"href":"http:\/\/liescher-buehnenspass.de\/index.php?rest_route=\/wp\/v2\/types\/page"}],"author":[{"embeddable":true,"href":"http:\/\/liescher-buehnenspass.de\/index.php?rest_route=\/wp\/v2\/users\/1"}],"replies":[{"embeddable":true,"href":"http:\/\/liescher-buehnenspass.de\/index.php?rest_route=%2Fwp%2Fv2%2Fcomments&post=902"}],"version-history":[{"count":2,"href":"http:\/\/liescher-buehnenspass.de\/index.php?rest_route=\/wp\/v2\/pages\/902\/revisions"}],"predecessor-version":[{"id":909,"href":"http:\/\/liescher-buehnenspass.de\/index.php?rest_route=\/wp\/v2\/pages\/902\/revisions\/909"}],"wp:attachment":[{"href":"http:\/\/liescher-buehnenspass.de\/index.php?rest_route=%2Fwp%2Fv2%2Fmedia&parent=902"}],"curies":[{"name":"wp","href":"https:\/\/api.w.org\/{rel}","templated":true}]}}